{"id":12437,"date":"2022-01-24T10:27:30","date_gmt":"2022-01-24T10:27:30","guid":{"rendered":"https:\/\/cinefrancestudios.eu\/contact\/"},"modified":"2024-05-28T12:17:24","modified_gmt":"2024-05-28T12:17:24","slug":"contact","status":"publish","type":"page","link":"https:\/\/cinefrancestudios.eu\/en\/contact\/","title":{"rendered":"Contact"},"content":{"rendered":"\t\t<div data-elementor-type=\"wp-page\" data-elementor-id=\"12437\" class=\"elementor elementor-12437 elementor-6456\" data-elementor-post-type=\"page\">\n\t\t\t\t\t\t<section class=\"elementor-section elementor-top-section elementor-element elementor-element-a79ac03 elementor-section-boxed elementor-section-height-default elementor-section-height-default edgtf-parallax-row-no edgtf-content-aligment-left edgtf-elementor-row-grid-no edgtf-disabled-bg-image-bellow-no\" data-id=\"a79ac03\" data-element_type=\"section\">\n\t\t\t\t\t\t<div class=\"elementor-container elementor-column-gap-default\">\n\t\t\t\t\t<div class=\"elementor-column elementor-col-100 elementor-top-column elementor-element elementor-element-faf3527\" data-id=\"faf3527\" data-element_type=\"column\">\n\t\t\t<div class=\"elementor-widget-wrap elementor-element-populated\">\n\t\t\t\t\t\t<div class=\"elementor-element elementor-element-f587c75 elementor-widget elementor-widget-image\" data-id=\"f587c75\" data-element_type=\"widget\" data-widget_type=\"image.default\">\n\t\t\t\t<div class=\"elementor-widget-container\">\n\t\t\t\t\t\t\t\t\t\t\t\t\t\t\t<img fetchpriority=\"high\" decoding=\"async\" width=\"663\" height=\"302\" src=\"https:\/\/cinefrancestudios.eu\/wp-content\/uploads\/2024\/05\/Titre_Contact_us-min.png\" class=\"attachment-full size-full wp-image-12442\" alt=\"Contact us\" srcset=\"https:\/\/cinefrancestudios.eu\/wp-content\/uploads\/2024\/05\/Titre_Contact_us-min.png 663w, https:\/\/cinefrancestudios.eu\/wp-content\/uploads\/2024\/05\/Titre_Contact_us-min-300x137.png 300w\" sizes=\"(max-width: 663px) 100vw, 663px\" \/>\t\t\t\t\t\t\t\t\t\t\t\t\t\t\t<\/div>\n\t\t\t\t<\/div>\n\t\t\t\t\t<\/div>\n\t\t<\/div>\n\t\t\t\t\t<\/div>\n\t\t<\/section>\n\t\t\t\t<section class=\"elementor-section elementor-top-section elementor-element elementor-element-740151d elementor-section-boxed elementor-section-height-default elementor-section-height-default edgtf-parallax-row-no edgtf-content-aligment-left edgtf-elementor-row-grid-no edgtf-disabled-bg-image-bellow-no\" data-id=\"740151d\" data-element_type=\"section\">\n\t\t\t\t\t\t<div class=\"elementor-container elementor-column-gap-default\">\n\t\t\t\t\t<div class=\"elementor-column elementor-col-100 elementor-top-column elementor-element elementor-element-ac9f180\" data-id=\"ac9f180\" data-element_type=\"column\">\n\t\t\t<div class=\"elementor-widget-wrap\">\n\t\t\t\t\t\t\t<\/div>\n\t\t<\/div>\n\t\t\t\t\t<\/div>\n\t\t<\/section>\n\t\t\t\t<section class=\"elementor-section elementor-top-section elementor-element elementor-element-1db39d9 elementor-section-boxed elementor-section-height-default elementor-section-height-default edgtf-parallax-row-no edgtf-content-aligment-left edgtf-elementor-row-grid-no edgtf-disabled-bg-image-bellow-no\" data-id=\"1db39d9\" data-element_type=\"section\">\n\t\t\t\t\t\t<div class=\"elementor-container elementor-column-gap-default\">\n\t\t\t\t\t<div class=\"elementor-column elementor-col-100 elementor-top-column elementor-element elementor-element-8e1e92b\" data-id=\"8e1e92b\" data-element_type=\"column\">\n\t\t\t<div class=\"elementor-widget-wrap elementor-element-populated\">\n\t\t\t\t\t\t<div class=\"elementor-element elementor-element-8ef93e3 elementor-button-align-start elementor-widget elementor-widget-form\" data-id=\"8ef93e3\" data-element_type=\"widget\" data-settings=\"{&quot;step_next_label&quot;:&quot;Next&quot;,&quot;step_previous_label&quot;:&quot;Previous&quot;,&quot;button_width&quot;:&quot;100&quot;,&quot;step_type&quot;:&quot;number_text&quot;,&quot;step_icon_shape&quot;:&quot;circle&quot;}\" data-widget_type=\"form.default\">\n\t\t\t\t<div class=\"elementor-widget-container\">\n\t\t\t\t\t\t\t<form class=\"elementor-form\" method=\"post\" name=\"Form Contact EN \" aria-label=\"Form Contact EN \">\n\t\t\t<input type=\"hidden\" name=\"post_id\" value=\"12437\"\/>\n\t\t\t<input type=\"hidden\" name=\"form_id\" value=\"8ef93e3\"\/>\n\t\t\t<input type=\"hidden\" name=\"referer_title\" value=\"Cin\u00e9france Studios | Contact\" \/>\n\n\t\t\t\t\t\t\t<input type=\"hidden\" name=\"queried_id\" value=\"12437\"\/>\n\t\t\t\n\t\t\t<div class=\"elementor-form-fields-wrapper elementor-labels-above\">\n\t\t\t\t\t\t\t\t<div class=\"elementor-field-type-text elementor-field-group elementor-column elementor-field-group-name elementor-col-100 elementor-field-required elementor-mark-required\">\n\t\t\t\t\t\t\t\t\t\t\t\t<label for=\"form-field-name\" class=\"elementor-field-label\">\n\t\t\t\t\t\t\t\tName\t\t\t\t\t\t\t<\/label>\n\t\t\t\t\t\t\t\t\t\t\t\t\t\t<input size=\"1\" type=\"text\" name=\"form_fields[name]\" id=\"form-field-name\" class=\"elementor-field elementor-size-sm  elementor-field-textual\" required=\"required\">\n\t\t\t\t\t\t\t\t\t\t\t<\/div>\n\t\t\t\t\t\t\t\t<div class=\"elementor-field-type-text elementor-field-group elementor-column elementor-field-group-field_3990ee5 elementor-col-100 elementor-field-required elementor-mark-required\">\n\t\t\t\t\t\t\t\t\t\t\t\t<label for=\"form-field-field_3990ee5\" class=\"elementor-field-label\">\n\t\t\t\t\t\t\t\tCompany\t\t\t\t\t\t\t<\/label>\n\t\t\t\t\t\t\t\t\t\t\t\t\t\t<input size=\"1\" type=\"text\" name=\"form_fields[field_3990ee5]\" id=\"form-field-field_3990ee5\" class=\"elementor-field elementor-size-sm  elementor-field-textual\" required=\"required\">\n\t\t\t\t\t\t\t\t\t\t\t<\/div>\n\t\t\t\t\t\t\t\t<div class=\"elementor-field-type-email elementor-field-group elementor-column elementor-field-group-email elementor-col-100 elementor-field-required elementor-mark-required\">\n\t\t\t\t\t\t\t\t\t\t\t\t<label for=\"form-field-email\" class=\"elementor-field-label\">\n\t\t\t\t\t\t\t\tEmail\t\t\t\t\t\t\t<\/label>\n\t\t\t\t\t\t\t\t\t\t\t\t\t\t<input size=\"1\" type=\"email\" name=\"form_fields[email]\" id=\"form-field-email\" class=\"elementor-field elementor-size-sm  elementor-field-textual\" required=\"required\">\n\t\t\t\t\t\t\t\t\t\t\t<\/div>\n\t\t\t\t\t\t\t\t<div class=\"elementor-field-type-textarea elementor-field-group elementor-column elementor-field-group-message elementor-col-100 elementor-field-required elementor-mark-required\">\n\t\t\t\t\t\t\t\t\t\t\t\t<label for=\"form-field-message\" class=\"elementor-field-label\">\n\t\t\t\t\t\t\t\tMessage\t\t\t\t\t\t\t<\/label>\n\t\t\t\t\t\t<textarea class=\"elementor-field-textual elementor-field  elementor-size-sm\" name=\"form_fields[message]\" id=\"form-field-message\" rows=\"4\" required=\"required\"><\/textarea>\t\t\t\t<\/div>\n\t\t\t\t\t\t\t\t<div class=\"elementor-field-type-acceptance elementor-field-group elementor-column elementor-field-group-field_8ec0fd6 elementor-col-100 elementor-field-required elementor-mark-required\">\n\t\t\t\t\t\t\t<div class=\"elementor-field-subgroup\">\n\t\t\t<span class=\"elementor-field-option\">\n\t\t\t\t<input type=\"checkbox\" name=\"form_fields[field_8ec0fd6]\" id=\"form-field-field_8ec0fd6\" class=\"elementor-field elementor-size-sm  elementor-acceptance-field\" required=\"required\">\n\t\t\t\t<label for=\"form-field-field_8ec0fd6\"><span style=\"font-weight:bold\">I accept that the information entered in this form will be used to respond to my request. <\/span> <a style=color:#000000;text-decoration:underline;\" href=\"https:\/\/cinefrancestudios.eu\/en\/protection-des-donnees\/\">See our Data Management Policy.<\/a><br><br>\n*All fields with an asterisk are mandatory.\n<\/br><\/br><\/label>\t\t\t<\/span>\n\t\t<\/div>\n\t\t\t\t\t\t<\/div>\n\t\t\t\t\t\t\t\t<div class=\"elementor-field-type-text\">\n\t\t\t\t\t<input size=\"1\" type=\"text\" name=\"form_fields[field_bef3d6b]\" id=\"form-field-field_bef3d6b\" class=\"elementor-field elementor-size-sm \" style=\"display:none !important;\">\t\t\t\t<\/div>\n\t\t\t\t\t\t\t\t<div class=\"elementor-field-group elementor-column elementor-field-type-submit elementor-col-100 e-form__buttons\">\n\t\t\t\t\t<button class=\"elementor-button elementor-size-sm\" type=\"submit\">\n\t\t\t\t\t\t<span class=\"elementor-button-content-wrapper\">\n\t\t\t\t\t\t\t\t\t\t\t\t\t\t\t\t\t\t\t\t\t\t<span class=\"elementor-button-text\">SEND<\/span>\n\t\t\t\t\t\t\t\t\t\t\t\t\t<\/span>\n\t\t\t\t\t<\/button>\n\t\t\t\t<\/div>\n\t\t\t<\/div>\n\t\t<\/form>\n\t\t\t\t\t\t<\/div>\n\t\t\t\t<\/div>\n\t\t\t\t\t<\/div>\n\t\t<\/div>\n\t\t\t\t\t<\/div>\n\t\t<\/section>\n\t\t\t\t<\/div>\n\t\t","protected":false},"excerpt":{"rendered":"","protected":false},"author":2,"featured_media":0,"parent":0,"menu_order":0,"comment_status":"closed","ping_status":"closed","template":"elementor_header_footer","meta":{"footnotes":""},"class_list":["post-12437","page","type-page","status-publish","hentry"],"yoast_head":"<!-- This site is optimized with the Yoast SEO plugin v26.5 - https:\/\/yoast.com\/wordpress\/plugins\/seo\/ -->\n<title>Cin\u00e9france Studios | Contact<\/title>\n<meta name=\"description\" content=\"Contact us via the Contact Form Cin\u00e9france Studios \u2013 18 rue Jean-Baptiste Pigalle 75009 PARIS\" \/>\n<meta name=\"robots\" content=\"index, follow, max-snippet:-1, max-image-preview:large, max-video-preview:-1\" \/>\n<link rel=\"canonical\" href=\"https:\/\/cinefrancestudios.eu\/en\/contact\/\" \/>\n<meta property=\"og:locale\" content=\"en_US\" \/>\n<meta property=\"og:type\" content=\"article\" \/>\n<meta property=\"og:title\" content=\"Cin\u00e9france Studios | Contact\" \/>\n<meta property=\"og:description\" content=\"Contact us via the Contact Form Cin\u00e9france Studios \u2013 18 rue Jean-Baptiste Pigalle 75009 PARIS\" \/>\n<meta property=\"og:url\" content=\"https:\/\/cinefrancestudios.eu\/en\/contact\/\" \/>\n<meta property=\"og:site_name\" content=\"Cin\u00e9france Studios\" \/>\n<meta property=\"article:modified_time\" content=\"2024-05-28T12:17:24+00:00\" \/>\n<meta property=\"og:image\" content=\"https:\/\/cinefrancestudios.eu\/wp-content\/uploads\/2024\/05\/Titre_Contact_us-min.png\" \/>\n<meta name=\"twitter:card\" content=\"summary_large_image\" \/>\n<meta name=\"twitter:site\" content=\"@cinefrancesas\" \/>\n<meta name=\"twitter:label1\" content=\"Est. reading time\" \/>\n\t<meta name=\"twitter:data1\" content=\"1 minute\" \/>\n<script type=\"application\/ld+json\" class=\"yoast-schema-graph\">{\"@context\":\"https:\/\/schema.org\",\"@graph\":[{\"@type\":\"WebPage\",\"@id\":\"https:\/\/cinefrancestudios.eu\/en\/contact\/\",\"url\":\"https:\/\/cinefrancestudios.eu\/en\/contact\/\",\"name\":\"Cin\u00e9france Studios | Contact\",\"isPartOf\":{\"@id\":\"https:\/\/cinefrancestudios.eu\/en\/#website\"},\"primaryImageOfPage\":{\"@id\":\"https:\/\/cinefrancestudios.eu\/en\/contact\/#primaryimage\"},\"image\":{\"@id\":\"https:\/\/cinefrancestudios.eu\/en\/contact\/#primaryimage\"},\"thumbnailUrl\":\"https:\/\/cinefrancestudios.eu\/wp-content\/uploads\/2024\/05\/Titre_Contact_us-min.png\",\"datePublished\":\"2022-01-24T10:27:30+00:00\",\"dateModified\":\"2024-05-28T12:17:24+00:00\",\"description\":\"Contact us via the Contact Form Cin\u00e9france Studios \u2013 18 rue Jean-Baptiste Pigalle 75009 PARIS\",\"breadcrumb\":{\"@id\":\"https:\/\/cinefrancestudios.eu\/en\/contact\/#breadcrumb\"},\"inLanguage\":\"en-US\",\"potentialAction\":[{\"@type\":\"ReadAction\",\"target\":[\"https:\/\/cinefrancestudios.eu\/en\/contact\/\"]}]},{\"@type\":\"ImageObject\",\"inLanguage\":\"en-US\",\"@id\":\"https:\/\/cinefrancestudios.eu\/en\/contact\/#primaryimage\",\"url\":\"https:\/\/cinefrancestudios.eu\/wp-content\/uploads\/2024\/05\/Titre_Contact_us-min.png\",\"contentUrl\":\"https:\/\/cinefrancestudios.eu\/wp-content\/uploads\/2024\/05\/Titre_Contact_us-min.png\"},{\"@type\":\"BreadcrumbList\",\"@id\":\"https:\/\/cinefrancestudios.eu\/en\/contact\/#breadcrumb\",\"itemListElement\":[{\"@type\":\"ListItem\",\"position\":1,\"name\":\"Accueil\",\"item\":\"https:\/\/cinefrancestudios.eu\/en\/\"},{\"@type\":\"ListItem\",\"position\":2,\"name\":\"Contact\"}]},{\"@type\":\"WebSite\",\"@id\":\"https:\/\/cinefrancestudios.eu\/en\/#website\",\"url\":\"https:\/\/cinefrancestudios.eu\/en\/\",\"name\":\"Cin\u00e9france Studios\",\"description\":\"Production de cin\u00e9ma et de th\u00e9\u00e2tre fran\u00e7aise\",\"publisher\":{\"@id\":\"https:\/\/cinefrancestudios.eu\/en\/#organization\"},\"potentialAction\":[{\"@type\":\"SearchAction\",\"target\":{\"@type\":\"EntryPoint\",\"urlTemplate\":\"https:\/\/cinefrancestudios.eu\/en\/?s={search_term_string}\"},\"query-input\":{\"@type\":\"PropertyValueSpecification\",\"valueRequired\":true,\"valueName\":\"search_term_string\"}}],\"inLanguage\":\"en-US\"},{\"@type\":\"Organization\",\"@id\":\"https:\/\/cinefrancestudios.eu\/en\/#organization\",\"name\":\"Cinefrance Studios\",\"url\":\"https:\/\/cinefrancestudios.eu\/en\/\",\"logo\":{\"@type\":\"ImageObject\",\"inLanguage\":\"en-US\",\"@id\":\"https:\/\/cinefrancestudios.eu\/en\/#\/schema\/logo\/image\/\",\"url\":\"https:\/\/cinefrancestudios.eu\/wp-content\/uploads\/2022\/03\/cropped-Favicon-512px_CinefranceStudios.png\",\"contentUrl\":\"https:\/\/cinefrancestudios.eu\/wp-content\/uploads\/2022\/03\/cropped-Favicon-512px_CinefranceStudios.png\",\"width\":512,\"height\":512,\"caption\":\"Cinefrance Studios\"},\"image\":{\"@id\":\"https:\/\/cinefrancestudios.eu\/en\/#\/schema\/logo\/image\/\"},\"sameAs\":[\"https:\/\/x.com\/cinefrancesas\",\"https:\/\/www.instagram.com\/cinefrance\/?hl=fr\"]}]}<\/script>\n<!-- \/ Yoast SEO plugin. -->","yoast_head_json":{"title":"Cin\u00e9france Studios | Contact","description":"Contact us via the Contact Form Cin\u00e9france Studios \u2013 18 rue Jean-Baptiste Pigalle 75009 PARIS","robots":{"index":"index","follow":"follow","max-snippet":"max-snippet:-1","max-image-preview":"max-image-preview:large","max-video-preview":"max-video-preview:-1"},"canonical":"https:\/\/cinefrancestudios.eu\/en\/contact\/","og_locale":"en_US","og_type":"article","og_title":"Cin\u00e9france Studios | Contact","og_description":"Contact us via the Contact Form Cin\u00e9france Studios \u2013 18 rue Jean-Baptiste Pigalle 75009 PARIS","og_url":"https:\/\/cinefrancestudios.eu\/en\/contact\/","og_site_name":"Cin\u00e9france Studios","article_modified_time":"2024-05-28T12:17:24+00:00","og_image":[{"url":"https:\/\/cinefrancestudios.eu\/wp-content\/uploads\/2024\/05\/Titre_Contact_us-min.png","type":"","width":"","height":""}],"twitter_card":"summary_large_image","twitter_site":"@cinefrancesas","twitter_misc":{"Est. reading time":"1 minute"},"schema":{"@context":"https:\/\/schema.org","@graph":[{"@type":"WebPage","@id":"https:\/\/cinefrancestudios.eu\/en\/contact\/","url":"https:\/\/cinefrancestudios.eu\/en\/contact\/","name":"Cin\u00e9france Studios | Contact","isPartOf":{"@id":"https:\/\/cinefrancestudios.eu\/en\/#website"},"primaryImageOfPage":{"@id":"https:\/\/cinefrancestudios.eu\/en\/contact\/#primaryimage"},"image":{"@id":"https:\/\/cinefrancestudios.eu\/en\/contact\/#primaryimage"},"thumbnailUrl":"https:\/\/cinefrancestudios.eu\/wp-content\/uploads\/2024\/05\/Titre_Contact_us-min.png","datePublished":"2022-01-24T10:27:30+00:00","dateModified":"2024-05-28T12:17:24+00:00","description":"Contact us via the Contact Form Cin\u00e9france Studios \u2013 18 rue Jean-Baptiste Pigalle 75009 PARIS","breadcrumb":{"@id":"https:\/\/cinefrancestudios.eu\/en\/contact\/#breadcrumb"},"inLanguage":"en-US","potentialAction":[{"@type":"ReadAction","target":["https:\/\/cinefrancestudios.eu\/en\/contact\/"]}]},{"@type":"ImageObject","inLanguage":"en-US","@id":"https:\/\/cinefrancestudios.eu\/en\/contact\/#primaryimage","url":"https:\/\/cinefrancestudios.eu\/wp-content\/uploads\/2024\/05\/Titre_Contact_us-min.png","contentUrl":"https:\/\/cinefrancestudios.eu\/wp-content\/uploads\/2024\/05\/Titre_Contact_us-min.png"},{"@type":"BreadcrumbList","@id":"https:\/\/cinefrancestudios.eu\/en\/contact\/#breadcrumb","itemListElement":[{"@type":"ListItem","position":1,"name":"Accueil","item":"https:\/\/cinefrancestudios.eu\/en\/"},{"@type":"ListItem","position":2,"name":"Contact"}]},{"@type":"WebSite","@id":"https:\/\/cinefrancestudios.eu\/en\/#website","url":"https:\/\/cinefrancestudios.eu\/en\/","name":"Cin\u00e9france Studios","description":"Production de cin\u00e9ma et de th\u00e9\u00e2tre fran\u00e7aise","publisher":{"@id":"https:\/\/cinefrancestudios.eu\/en\/#organization"},"potentialAction":[{"@type":"SearchAction","target":{"@type":"EntryPoint","urlTemplate":"https:\/\/cinefrancestudios.eu\/en\/?s={search_term_string}"},"query-input":{"@type":"PropertyValueSpecification","valueRequired":true,"valueName":"search_term_string"}}],"inLanguage":"en-US"},{"@type":"Organization","@id":"https:\/\/cinefrancestudios.eu\/en\/#organization","name":"Cinefrance Studios","url":"https:\/\/cinefrancestudios.eu\/en\/","logo":{"@type":"ImageObject","inLanguage":"en-US","@id":"https:\/\/cinefrancestudios.eu\/en\/#\/schema\/logo\/image\/","url":"https:\/\/cinefrancestudios.eu\/wp-content\/uploads\/2022\/03\/cropped-Favicon-512px_CinefranceStudios.png","contentUrl":"https:\/\/cinefrancestudios.eu\/wp-content\/uploads\/2022\/03\/cropped-Favicon-512px_CinefranceStudios.png","width":512,"height":512,"caption":"Cinefrance Studios"},"image":{"@id":"https:\/\/cinefrancestudios.eu\/en\/#\/schema\/logo\/image\/"},"sameAs":["https:\/\/x.com\/cinefrancesas","https:\/\/www.instagram.com\/cinefrance\/?hl=fr"]}]}},"_links":{"self":[{"href":"https:\/\/cinefrancestudios.eu\/en\/wp-json\/wp\/v2\/pages\/12437","targetHints":{"allow":["GET"]}}],"collection":[{"href":"https:\/\/cinefrancestudios.eu\/en\/wp-json\/wp\/v2\/pages"}],"about":[{"href":"https:\/\/cinefrancestudios.eu\/en\/wp-json\/wp\/v2\/types\/page"}],"author":[{"embeddable":true,"href":"https:\/\/cinefrancestudios.eu\/en\/wp-json\/wp\/v2\/users\/2"}],"replies":[{"embeddable":true,"href":"https:\/\/cinefrancestudios.eu\/en\/wp-json\/wp\/v2\/comments?post=12437"}],"version-history":[{"count":10,"href":"https:\/\/cinefrancestudios.eu\/en\/wp-json\/wp\/v2\/pages\/12437\/revisions"}],"predecessor-version":[{"id":12703,"href":"https:\/\/cinefrancestudios.eu\/en\/wp-json\/wp\/v2\/pages\/12437\/revisions\/12703"}],"wp:attachment":[{"href":"https:\/\/cinefrancestudios.eu\/en\/wp-json\/wp\/v2\/media?parent=12437"}],"curies":[{"name":"wp","href":"https:\/\/api.w.org\/{rel}","templated":true}]}}