{"id":12449,"date":"2022-03-11T10:09:25","date_gmt":"2022-03-11T10:09:25","guid":{"rendered":"https:\/\/cinefrancestudios.eu\/mentions-legales\/"},"modified":"2024-05-29T08:46:28","modified_gmt":"2024-05-29T08:46:28","slug":"mentions-legales","status":"publish","type":"page","link":"https:\/\/cinefrancestudios.eu\/en\/mentions-legales\/","title":{"rendered":"Legal Notice"},"content":{"rendered":"\t\t<div data-elementor-type=\"wp-page\" data-elementor-id=\"12449\" class=\"elementor elementor-12449 elementor-8363\" data-elementor-post-type=\"page\">\n\t\t\t\t\t\t<section class=\"elementor-section elementor-top-section elementor-element elementor-element-a79ac03 elementor-section-boxed elementor-section-height-default elementor-section-height-default edgtf-parallax-row-no edgtf-content-aligment-left edgtf-elementor-row-grid-no edgtf-disabled-bg-image-bellow-no\" data-id=\"a79ac03\" data-element_type=\"section\">\n\t\t\t\t\t\t<div class=\"elementor-container elementor-column-gap-default\">\n\t\t\t\t\t<div class=\"elementor-column elementor-col-100 elementor-top-column elementor-element elementor-element-faf3527\" data-id=\"faf3527\" data-element_type=\"column\">\n\t\t\t<div class=\"elementor-widget-wrap elementor-element-populated\">\n\t\t\t\t\t\t<div class=\"elementor-element elementor-element-f587c75 elementor-widget elementor-widget-image\" data-id=\"f587c75\" data-element_type=\"widget\" data-widget_type=\"image.default\">\n\t\t\t\t<div class=\"elementor-widget-container\">\n\t\t\t\t\t\t\t\t\t\t\t\t\t\t\t<img fetchpriority=\"high\" decoding=\"async\" width=\"744\" height=\"300\" src=\"https:\/\/cinefrancestudios.eu\/wp-content\/uploads\/2024\/05\/Titre_LegalNotice.png\" class=\"attachment-full size-full wp-image-12451\" alt=\"LEGAL NOTICE\" srcset=\"https:\/\/cinefrancestudios.eu\/wp-content\/uploads\/2024\/05\/Titre_LegalNotice.png 744w, https:\/\/cinefrancestudios.eu\/wp-content\/uploads\/2024\/05\/Titre_LegalNotice-300x121.png 300w\" sizes=\"(max-width: 744px) 100vw, 744px\" \/>\t\t\t\t\t\t\t\t\t\t\t\t\t\t\t<\/div>\n\t\t\t\t<\/div>\n\t\t\t\t\t<\/div>\n\t\t<\/div>\n\t\t\t\t\t<\/div>\n\t\t<\/section>\n\t\t\t\t<section class=\"elementor-section elementor-top-section elementor-element elementor-element-740151d elementor-section-boxed elementor-section-height-default elementor-section-height-default edgtf-parallax-row-no edgtf-content-aligment-left edgtf-elementor-row-grid-no edgtf-disabled-bg-image-bellow-no\" data-id=\"740151d\" data-element_type=\"section\">\n\t\t\t\t\t\t<div class=\"elementor-container elementor-column-gap-default\">\n\t\t\t\t\t<div class=\"elementor-column elementor-col-100 elementor-top-column elementor-element elementor-element-ac9f180\" data-id=\"ac9f180\" data-element_type=\"column\">\n\t\t\t<div class=\"elementor-widget-wrap\">\n\t\t\t\t\t\t\t<\/div>\n\t\t<\/div>\n\t\t\t\t\t<\/div>\n\t\t<\/section>\n\t\t\t\t<section class=\"elementor-section elementor-top-section elementor-element elementor-element-1db39d9 elementor-section-boxed elementor-section-height-default elementor-section-height-default edgtf-parallax-row-no edgtf-content-aligment-left edgtf-elementor-row-grid-no edgtf-disabled-bg-image-bellow-no\" data-id=\"1db39d9\" data-element_type=\"section\">\n\t\t\t\t\t\t<div class=\"elementor-container elementor-column-gap-default\">\n\t\t\t\t\t<div class=\"elementor-column elementor-col-100 elementor-top-column elementor-element elementor-element-8e1e92b\" data-id=\"8e1e92b\" data-element_type=\"column\">\n\t\t\t<div class=\"elementor-widget-wrap elementor-element-populated\">\n\t\t\t\t\t\t<div class=\"elementor-element elementor-element-ef593be elementor-widget elementor-widget-heading\" data-id=\"ef593be\" data-element_type=\"widget\" data-widget_type=\"heading.default\">\n\t\t\t\t<div class=\"elementor-widget-container\">\n\t\t\t\t\t<h5 class=\"elementor-heading-title elementor-size-default\">CINEFRANCE is a French film and theater production company.\n\n<div style=\"padding-top:10px\">The website https:\/\/www.cinefrancestudios.eu aims to provide information about all the activities of the company.<\/div>\n\n<div style=\"padding-top:10px\">Continuing to browse this site constitutes acceptance without reservation of the following provisions and conditions of use.<\/div>\n\n<div style=\"padding-top:10px\">The current online version of these terms of use is the only one applicable during the entire use of the site and until a new version replaces it.\n<\/div><\/h5>\t\t\t\t<\/div>\n\t\t\t\t<\/div>\n\t\t\t\t\t<\/div>\n\t\t<\/div>\n\t\t\t\t\t<\/div>\n\t\t<\/section>\n\t\t\t\t<section class=\"elementor-section elementor-top-section elementor-element elementor-element-9b4a9a7 elementor-section-boxed elementor-section-height-default elementor-section-height-default edgtf-parallax-row-no edgtf-content-aligment-left edgtf-elementor-row-grid-no edgtf-disabled-bg-image-bellow-no\" data-id=\"9b4a9a7\" data-element_type=\"section\">\n\t\t\t\t\t\t<div class=\"elementor-container elementor-column-gap-default\">\n\t\t\t\t\t<div class=\"elementor-column elementor-col-100 elementor-top-column elementor-element elementor-element-cd40f35\" data-id=\"cd40f35\" data-element_type=\"column\">\n\t\t\t<div class=\"elementor-widget-wrap elementor-element-populated\">\n\t\t\t\t\t\t<div class=\"elementor-element elementor-element-e0b3c1e elementor-widget elementor-widget-heading\" data-id=\"e0b3c1e\" data-element_type=\"widget\" data-widget_type=\"heading.default\">\n\t\t\t\t<div class=\"elementor-widget-container\">\n\t\t\t\t\t<h5 class=\"elementor-heading-title elementor-size-default\">Article 1 - Legal Information<\/h5>\t\t\t\t<\/div>\n\t\t\t\t<\/div>\n\t\t\t\t<div class=\"elementor-element elementor-element-ab0ac03 elementor-widget elementor-widget-heading\" data-id=\"ab0ac03\" data-element_type=\"widget\" data-widget_type=\"heading.default\">\n\t\t\t\t<div class=\"elementor-widget-container\">\n\t\t\t\t\t<h5 class=\"elementor-heading-title elementor-size-default\">Publishing Company:<\/h5>\t\t\t\t<\/div>\n\t\t\t\t<\/div>\n\t\t\t\t<div class=\"elementor-element elementor-element-0aab85e elementor-widget elementor-widget-text-editor\" data-id=\"0aab85e\" data-element_type=\"widget\" data-widget_type=\"text-editor.default\">\n\t\t\t\t<div class=\"elementor-widget-container\">\n\t\t\t\t\t\t\t\t\t<div>CINEFRANCE STUDIOS \u2013 SAS with a capital of 1,550,000 euros, whose registered office is located at 18, rue Jean-Baptiste Pigalle 75009 PARIS, RCS 840 357 735, SIREN number 840 357 735.<\/div><div style=\"padding-top: 10px;\"><span style=\"color: #000000;\">Telephone number: +33 (0)1 40 03 56 10<\/span><\/div><div style=\"padding-top: 10px;\">Email address: contact@cinefrance.eu<\/div>\t\t\t\t\t\t\t\t<\/div>\n\t\t\t\t<\/div>\n\t\t\t\t\t<\/div>\n\t\t<\/div>\n\t\t\t\t\t<\/div>\n\t\t<\/section>\n\t\t\t\t<section class=\"elementor-section elementor-top-section elementor-element elementor-element-2629d73 elementor-section-boxed elementor-section-height-default elementor-section-height-default edgtf-parallax-row-no edgtf-content-aligment-left edgtf-elementor-row-grid-no edgtf-disabled-bg-image-bellow-no\" data-id=\"2629d73\" data-element_type=\"section\">\n\t\t\t\t\t\t<div class=\"elementor-container elementor-column-gap-default\">\n\t\t\t\t\t<div class=\"elementor-column elementor-col-100 elementor-top-column elementor-element elementor-element-e3e991a\" data-id=\"e3e991a\" data-element_type=\"column\">\n\t\t\t<div class=\"elementor-widget-wrap elementor-element-populated\">\n\t\t\t\t\t\t<div class=\"elementor-element elementor-element-4c1935e elementor-widget elementor-widget-heading\" data-id=\"4c1935e\" data-element_type=\"widget\" data-widget_type=\"heading.default\">\n\t\t\t\t<div class=\"elementor-widget-container\">\n\t\t\t\t\t<h5 class=\"elementor-heading-title elementor-size-default\">Website creation and design:<\/h5>\t\t\t\t<\/div>\n\t\t\t\t<\/div>\n\t\t\t\t<div class=\"elementor-element elementor-element-c86369b elementor-widget elementor-widget-text-editor\" data-id=\"c86369b\" data-element_type=\"widget\" data-widget_type=\"text-editor.default\">\n\t\t\t\t<div class=\"elementor-widget-container\">\n\t\t\t\t\t\t\t\t\t<div><span style=\"background-color: #ffffff;\"><span style=\"background-color: #ffffff;\">Cr\u00e9ation: <a style=\"text-decoration: underline; color: #000000;\" href=\"http:\/\/www.bybenoit.fr\/\" target=\"_blank\" rel=\"noopener\">ByBenoit<\/a> \u2013 <\/span><\/span>Email: contact@bybenoit.fr \u2013 Tel: 01 42 77 42 67<\/div><div style=\"padding-top: 10px;\"><span style=\"color: #000000;\">Web Design: <a style=\"text-decoration: underline; color: #000000;\" href=\"https:\/\/www.lacompagniecreative.com\" target=\"_blank\" rel=\"noopener\">La Compagnie Cr\u00e9ative<\/a> 16 rue Abel 75012 Paris \u2013 SARL registered with the RCS Paris B 399 547 108 with a capital of \u20ac 7,622.45 \u2013 Email: lccdigitale[at]orange.fr \u2013 Tel .: 01 40 54 91 31<\/span><\/div><div style=\"padding-top: 10px;\">Host: OVH SAS is a subsidiary of the company OVH Groupe SAS with a capital of 10,069,020 \u20ac \u2013 APE code 2620Z, company registered with the RCS of Lille under the number 537 407 926 located at 2, rue Kellermann, 59100 Roubaix. Contact: https:\/\/www.ovhcloud.com\/fr\/contact-sales\/<\/div>\t\t\t\t\t\t\t\t<\/div>\n\t\t\t\t<\/div>\n\t\t\t\t\t<\/div>\n\t\t<\/div>\n\t\t\t\t\t<\/div>\n\t\t<\/section>\n\t\t\t\t<section class=\"elementor-section elementor-top-section elementor-element elementor-element-046d828 elementor-section-boxed elementor-section-height-default elementor-section-height-default edgtf-parallax-row-no edgtf-content-aligment-left edgtf-elementor-row-grid-no edgtf-disabled-bg-image-bellow-no\" data-id=\"046d828\" data-element_type=\"section\">\n\t\t\t\t\t\t<div class=\"elementor-container elementor-column-gap-default\">\n\t\t\t\t\t<div class=\"elementor-column elementor-col-100 elementor-top-column elementor-element elementor-element-348cdb8\" data-id=\"348cdb8\" data-element_type=\"column\">\n\t\t\t<div class=\"elementor-widget-wrap elementor-element-populated\">\n\t\t\t\t\t\t<div class=\"elementor-element elementor-element-ddc5b1d elementor-widget elementor-widget-heading\" data-id=\"ddc5b1d\" data-element_type=\"widget\" data-widget_type=\"heading.default\">\n\t\t\t\t<div class=\"elementor-widget-container\">\n\t\t\t\t\t<h5 class=\"elementor-heading-title elementor-size-default\">Article 2 - Access to the site<\/h5>\t\t\t\t<\/div>\n\t\t\t\t<\/div>\n\t\t\t\t<div class=\"elementor-element elementor-element-0f1f03c elementor-widget elementor-widget-text-editor\" data-id=\"0f1f03c\" data-element_type=\"widget\" data-widget_type=\"text-editor.default\">\n\t\t\t\t<div class=\"elementor-widget-container\">\n\t\t\t\t\t\t\t\t\t<div><span style=\"background-color: #ffffff;\">You agree not to use this site and the information or data contained therein for commercial, political, advertising purposes, and for any form of commercial solicitation and in particular the sending of unsolicited emails. The site is the exclusive property of the company CINEFRANCE STUDIOS. In case of non-compliance with the provisions of this Charter by the Internet user, his civil or criminal liability could be engaged.\n<\/span><\/div>\t\t\t\t\t\t\t\t<\/div>\n\t\t\t\t<\/div>\n\t\t\t\t\t<\/div>\n\t\t<\/div>\n\t\t\t\t\t<\/div>\n\t\t<\/section>\n\t\t\t\t<section class=\"elementor-section elementor-top-section elementor-element elementor-element-53b55a7 elementor-section-boxed elementor-section-height-default elementor-section-height-default edgtf-parallax-row-no edgtf-content-aligment-left edgtf-elementor-row-grid-no edgtf-disabled-bg-image-bellow-no\" data-id=\"53b55a7\" data-element_type=\"section\">\n\t\t\t\t\t\t<div class=\"elementor-container elementor-column-gap-default\">\n\t\t\t\t\t<div class=\"elementor-column elementor-col-100 elementor-top-column elementor-element elementor-element-379c7e7\" data-id=\"379c7e7\" data-element_type=\"column\">\n\t\t\t<div class=\"elementor-widget-wrap elementor-element-populated\">\n\t\t\t\t\t\t<div class=\"elementor-element elementor-element-dc46817 elementor-widget elementor-widget-heading\" data-id=\"dc46817\" data-element_type=\"widget\" data-widget_type=\"heading.default\">\n\t\t\t\t<div class=\"elementor-widget-container\">\n\t\t\t\t\t<h5 class=\"elementor-heading-title elementor-size-default\">Article 3 - Intellectual Property<\/h5>\t\t\t\t<\/div>\n\t\t\t\t<\/div>\n\t\t\t\t<div class=\"elementor-element elementor-element-0a6b3dc elementor-widget elementor-widget-text-editor\" data-id=\"0a6b3dc\" data-element_type=\"widget\" data-widget_type=\"text-editor.default\">\n\t\t\t\t<div class=\"elementor-widget-container\">\n\t\t\t\t\t\t\t\t\t<div><span style=\"background-color: #ffffff;\"> Any Internet user undertakes not to use them and not to allow anyone to use these contents for illegal purposes. Any representation or reproduction, in whole or in part, permanent or temporary, on a computer and\/or paper support, and by any means whatsoever (including framing), of one or other of the elements of the site, without the prior and express agreement of the company CINEFRANCE STUDIOS is prohibited, and constitutes an act of counterfeiting, which may lead to civil and\/or criminal convictions. Only paper printing is authorized for the purposes of private copying for the exclusive use of the copier within the meaning of article L122-5 2\u00b0 of the Intellectual Property Code. \n<\/span><\/div>\t\t\t\t\t\t\t\t<\/div>\n\t\t\t\t<\/div>\n\t\t\t\t<div class=\"elementor-element elementor-element-7ef36ed elementor-widget elementor-widget-text-editor\" data-id=\"7ef36ed\" data-element_type=\"widget\" data-widget_type=\"text-editor.default\">\n\t\t\t\t<div class=\"elementor-widget-container\">\n\t\t\t\t\t\t\t\t\t<div><span style=\"background-color: #ffffff;\">No hyperlink to the site may be installed without the prior and express agreement of the company CINEFRANCE STUDIOS. \n<\/span><\/div>\t\t\t\t\t\t\t\t<\/div>\n\t\t\t\t<\/div>\n\t\t\t\t<div class=\"elementor-element elementor-element-c1cf418 elementor-widget elementor-widget-text-editor\" data-id=\"c1cf418\" data-element_type=\"widget\" data-widget_type=\"text-editor.default\">\n\t\t\t\t<div class=\"elementor-widget-container\">\n\t\t\t\t\t\t\t\t\t<div><span style=\"background-color: #ffffff;\">The action of capturing the content of pages of a website to transfer it to its own website via a hyperlink, making said content appear as its own. \n<\/span><\/div>\t\t\t\t\t\t\t\t<\/div>\n\t\t\t\t<\/div>\n\t\t\t\t<div class=\"elementor-element elementor-element-26c8478 elementor-widget elementor-widget-text-editor\" data-id=\"26c8478\" data-element_type=\"widget\" data-widget_type=\"text-editor.default\">\n\t\t\t\t<div class=\"elementor-widget-container\">\n\t\t\t\t\t\t\t\t\t<div><span style=\"background-color: #ffffff;\">For any information request, you can contact us via the online form by clicking <a style=\"text-decoration: underline; font-weight: bold; color: #000000;\" href=\"https:\/\/cinefrancestudios.eu\/contact\/en\/\" rel=\"noopener\">here.<\/a>\n<\/span><\/div>\t\t\t\t\t\t\t\t<\/div>\n\t\t\t\t<\/div>\n\t\t\t\t\t<\/div>\n\t\t<\/div>\n\t\t\t\t\t<\/div>\n\t\t<\/section>\n\t\t\t\t<section class=\"elementor-section elementor-top-section elementor-element elementor-element-d6a7644 elementor-section-boxed elementor-section-height-default elementor-section-height-default edgtf-parallax-row-no edgtf-content-aligment-left edgtf-elementor-row-grid-no edgtf-disabled-bg-image-bellow-no\" data-id=\"d6a7644\" data-element_type=\"section\">\n\t\t\t\t\t\t<div class=\"elementor-container elementor-column-gap-default\">\n\t\t\t\t\t<div class=\"elementor-column elementor-col-50 elementor-top-column elementor-element elementor-element-74b64b5\" data-id=\"74b64b5\" data-element_type=\"column\">\n\t\t\t<div class=\"elementor-widget-wrap elementor-element-populated\">\n\t\t\t\t\t\t<div class=\"elementor-element elementor-element-2846e66 elementor-align-center elementor-widget elementor-widget-button\" data-id=\"2846e66\" data-element_type=\"widget\" data-widget_type=\"button.default\">\n\t\t\t\t<div class=\"elementor-widget-container\">\n\t\t\t\t\t\t\t\t\t<div class=\"elementor-button-wrapper\">\n\t\t\t\t\t<a class=\"elementor-button elementor-button-link elementor-size-sm\" href=\"https:\/\/cinefrancestudios.eu\/en\/data-protection\/\">\n\t\t\t\t\t\t<span class=\"elementor-button-content-wrapper\">\n\t\t\t\t\t\t\t\t\t<span class=\"elementor-button-text\">SEE OUR DATA PROTECTION<\/span>\n\t\t\t\t\t<\/span>\n\t\t\t\t\t<\/a>\n\t\t\t\t<\/div>\n\t\t\t\t\t\t\t\t<\/div>\n\t\t\t\t<\/div>\n\t\t\t\t\t<\/div>\n\t\t<\/div>\n\t\t\t\t<div class=\"elementor-column elementor-col-50 elementor-top-column elementor-element elementor-element-d7c4e8d\" data-id=\"d7c4e8d\" data-element_type=\"column\">\n\t\t\t<div class=\"elementor-widget-wrap elementor-element-populated\">\n\t\t\t\t\t\t<div class=\"elementor-element elementor-element-3aac3d8 elementor-align-center elementor-widget elementor-widget-button\" data-id=\"3aac3d8\" data-element_type=\"widget\" data-widget_type=\"button.default\">\n\t\t\t\t<div class=\"elementor-widget-container\">\n\t\t\t\t\t\t\t\t\t<div class=\"elementor-button-wrapper\">\n\t\t\t\t\t<a class=\"elementor-button elementor-button-link elementor-size-sm\" href=\"https:\/\/cinefrancestudios.eu\/en\/politique-de-cookies-ue\/\">\n\t\t\t\t\t\t<span class=\"elementor-button-content-wrapper\">\n\t\t\t\t\t\t\t\t\t<span class=\"elementor-button-text\">SEE OUR COOKIE MANAGEMENT<\/span>\n\t\t\t\t\t<\/span>\n\t\t\t\t\t<\/a>\n\t\t\t\t<\/div>\n\t\t\t\t\t\t\t\t<\/div>\n\t\t\t\t<\/div>\n\t\t\t\t\t<\/div>\n\t\t<\/div>\n\t\t\t\t\t<\/div>\n\t\t<\/section>\n\t\t\t\t<\/div>\n\t\t","protected":false},"excerpt":{"rendered":"<p>CINEFRANCE is a French film and theater production company. The website https:\/\/www.cinefrancestudios.eu aims to provide information about [&hellip;]<\/p>\n","protected":false},"author":2,"featured_media":0,"parent":0,"menu_order":0,"comment_status":"closed","ping_status":"closed","template":"elementor_header_footer","meta":{"footnotes":""},"class_list":["post-12449","page","type-page","status-publish","hentry"],"yoast_head":"<!-- This site is optimized with the Yoast SEO plugin v26.5 - https:\/\/yoast.com\/wordpress\/plugins\/seo\/ -->\n<title>Cin\u00e9france Studios |<\/title>\n<meta name=\"robots\" content=\"index, follow, max-snippet:-1, max-image-preview:large, max-video-preview:-1\" \/>\n<link rel=\"canonical\" href=\"https:\/\/cinefrancestudios.eu\/en\/mentions-legales\/\" \/>\n<meta property=\"og:locale\" content=\"en_US\" \/>\n<meta property=\"og:type\" content=\"article\" \/>\n<meta property=\"og:title\" content=\"Cin\u00e9france Studios |\" \/>\n<meta property=\"og:description\" content=\"CINEFRANCE is a French film and theater production company. The website https:\/\/www.cinefrancestudios.eu aims to provide information about [&hellip;]\" \/>\n<meta property=\"og:url\" content=\"https:\/\/cinefrancestudios.eu\/en\/mentions-legales\/\" \/>\n<meta property=\"og:site_name\" content=\"Cin\u00e9france Studios\" \/>\n<meta property=\"article:modified_time\" content=\"2024-05-29T08:46:28+00:00\" \/>\n<meta property=\"og:image\" content=\"https:\/\/cinefrancestudios.eu\/wp-content\/uploads\/2024\/05\/Titre_LegalNotice.png\" \/>\n<meta name=\"twitter:card\" content=\"summary_large_image\" \/>\n<meta name=\"twitter:site\" content=\"@cinefrancesas\" \/>\n<meta name=\"twitter:label1\" content=\"Est. reading time\" \/>\n\t<meta name=\"twitter:data1\" content=\"2 minutes\" \/>\n<script type=\"application\/ld+json\" class=\"yoast-schema-graph\">{\"@context\":\"https:\/\/schema.org\",\"@graph\":[{\"@type\":\"WebPage\",\"@id\":\"https:\/\/cinefrancestudios.eu\/en\/mentions-legales\/\",\"url\":\"https:\/\/cinefrancestudios.eu\/en\/mentions-legales\/\",\"name\":\"Cin\u00e9france Studios |\",\"isPartOf\":{\"@id\":\"https:\/\/cinefrancestudios.eu\/en\/#website\"},\"primaryImageOfPage\":{\"@id\":\"https:\/\/cinefrancestudios.eu\/en\/mentions-legales\/#primaryimage\"},\"image\":{\"@id\":\"https:\/\/cinefrancestudios.eu\/en\/mentions-legales\/#primaryimage\"},\"thumbnailUrl\":\"https:\/\/cinefrancestudios.eu\/wp-content\/uploads\/2024\/05\/Titre_LegalNotice.png\",\"datePublished\":\"2022-03-11T10:09:25+00:00\",\"dateModified\":\"2024-05-29T08:46:28+00:00\",\"breadcrumb\":{\"@id\":\"https:\/\/cinefrancestudios.eu\/en\/mentions-legales\/#breadcrumb\"},\"inLanguage\":\"en-US\",\"potentialAction\":[{\"@type\":\"ReadAction\",\"target\":[\"https:\/\/cinefrancestudios.eu\/en\/mentions-legales\/\"]}]},{\"@type\":\"ImageObject\",\"inLanguage\":\"en-US\",\"@id\":\"https:\/\/cinefrancestudios.eu\/en\/mentions-legales\/#primaryimage\",\"url\":\"https:\/\/cinefrancestudios.eu\/wp-content\/uploads\/2024\/05\/Titre_LegalNotice.png\",\"contentUrl\":\"https:\/\/cinefrancestudios.eu\/wp-content\/uploads\/2024\/05\/Titre_LegalNotice.png\"},{\"@type\":\"BreadcrumbList\",\"@id\":\"https:\/\/cinefrancestudios.eu\/en\/mentions-legales\/#breadcrumb\",\"itemListElement\":[{\"@type\":\"ListItem\",\"position\":1,\"name\":\"Accueil\",\"item\":\"https:\/\/cinefrancestudios.eu\/en\/\"},{\"@type\":\"ListItem\",\"position\":2,\"name\":\"Legal Notice\"}]},{\"@type\":\"WebSite\",\"@id\":\"https:\/\/cinefrancestudios.eu\/en\/#website\",\"url\":\"https:\/\/cinefrancestudios.eu\/en\/\",\"name\":\"Cin\u00e9france Studios\",\"description\":\"Production de cin\u00e9ma et de th\u00e9\u00e2tre fran\u00e7aise\",\"publisher\":{\"@id\":\"https:\/\/cinefrancestudios.eu\/en\/#organization\"},\"potentialAction\":[{\"@type\":\"SearchAction\",\"target\":{\"@type\":\"EntryPoint\",\"urlTemplate\":\"https:\/\/cinefrancestudios.eu\/en\/?s={search_term_string}\"},\"query-input\":{\"@type\":\"PropertyValueSpecification\",\"valueRequired\":true,\"valueName\":\"search_term_string\"}}],\"inLanguage\":\"en-US\"},{\"@type\":\"Organization\",\"@id\":\"https:\/\/cinefrancestudios.eu\/en\/#organization\",\"name\":\"Cinefrance Studios\",\"url\":\"https:\/\/cinefrancestudios.eu\/en\/\",\"logo\":{\"@type\":\"ImageObject\",\"inLanguage\":\"en-US\",\"@id\":\"https:\/\/cinefrancestudios.eu\/en\/#\/schema\/logo\/image\/\",\"url\":\"https:\/\/cinefrancestudios.eu\/wp-content\/uploads\/2022\/03\/cropped-Favicon-512px_CinefranceStudios.png\",\"contentUrl\":\"https:\/\/cinefrancestudios.eu\/wp-content\/uploads\/2022\/03\/cropped-Favicon-512px_CinefranceStudios.png\",\"width\":512,\"height\":512,\"caption\":\"Cinefrance Studios\"},\"image\":{\"@id\":\"https:\/\/cinefrancestudios.eu\/en\/#\/schema\/logo\/image\/\"},\"sameAs\":[\"https:\/\/x.com\/cinefrancesas\",\"https:\/\/www.instagram.com\/cinefrance\/?hl=fr\"]}]}<\/script>\n<!-- \/ Yoast SEO plugin. -->","yoast_head_json":{"title":"Cin\u00e9france Studios |","robots":{"index":"index","follow":"follow","max-snippet":"max-snippet:-1","max-image-preview":"max-image-preview:large","max-video-preview":"max-video-preview:-1"},"canonical":"https:\/\/cinefrancestudios.eu\/en\/mentions-legales\/","og_locale":"en_US","og_type":"article","og_title":"Cin\u00e9france Studios |","og_description":"CINEFRANCE is a French film and theater production company. The website https:\/\/www.cinefrancestudios.eu aims to provide information about [&hellip;]","og_url":"https:\/\/cinefrancestudios.eu\/en\/mentions-legales\/","og_site_name":"Cin\u00e9france Studios","article_modified_time":"2024-05-29T08:46:28+00:00","og_image":[{"url":"https:\/\/cinefrancestudios.eu\/wp-content\/uploads\/2024\/05\/Titre_LegalNotice.png","type":"","width":"","height":""}],"twitter_card":"summary_large_image","twitter_site":"@cinefrancesas","twitter_misc":{"Est. reading time":"2 minutes"},"schema":{"@context":"https:\/\/schema.org","@graph":[{"@type":"WebPage","@id":"https:\/\/cinefrancestudios.eu\/en\/mentions-legales\/","url":"https:\/\/cinefrancestudios.eu\/en\/mentions-legales\/","name":"Cin\u00e9france Studios |","isPartOf":{"@id":"https:\/\/cinefrancestudios.eu\/en\/#website"},"primaryImageOfPage":{"@id":"https:\/\/cinefrancestudios.eu\/en\/mentions-legales\/#primaryimage"},"image":{"@id":"https:\/\/cinefrancestudios.eu\/en\/mentions-legales\/#primaryimage"},"thumbnailUrl":"https:\/\/cinefrancestudios.eu\/wp-content\/uploads\/2024\/05\/Titre_LegalNotice.png","datePublished":"2022-03-11T10:09:25+00:00","dateModified":"2024-05-29T08:46:28+00:00","breadcrumb":{"@id":"https:\/\/cinefrancestudios.eu\/en\/mentions-legales\/#breadcrumb"},"inLanguage":"en-US","potentialAction":[{"@type":"ReadAction","target":["https:\/\/cinefrancestudios.eu\/en\/mentions-legales\/"]}]},{"@type":"ImageObject","inLanguage":"en-US","@id":"https:\/\/cinefrancestudios.eu\/en\/mentions-legales\/#primaryimage","url":"https:\/\/cinefrancestudios.eu\/wp-content\/uploads\/2024\/05\/Titre_LegalNotice.png","contentUrl":"https:\/\/cinefrancestudios.eu\/wp-content\/uploads\/2024\/05\/Titre_LegalNotice.png"},{"@type":"BreadcrumbList","@id":"https:\/\/cinefrancestudios.eu\/en\/mentions-legales\/#breadcrumb","itemListElement":[{"@type":"ListItem","position":1,"name":"Accueil","item":"https:\/\/cinefrancestudios.eu\/en\/"},{"@type":"ListItem","position":2,"name":"Legal Notice"}]},{"@type":"WebSite","@id":"https:\/\/cinefrancestudios.eu\/en\/#website","url":"https:\/\/cinefrancestudios.eu\/en\/","name":"Cin\u00e9france Studios","description":"Production de cin\u00e9ma et de th\u00e9\u00e2tre fran\u00e7aise","publisher":{"@id":"https:\/\/cinefrancestudios.eu\/en\/#organization"},"potentialAction":[{"@type":"SearchAction","target":{"@type":"EntryPoint","urlTemplate":"https:\/\/cinefrancestudios.eu\/en\/?s={search_term_string}"},"query-input":{"@type":"PropertyValueSpecification","valueRequired":true,"valueName":"search_term_string"}}],"inLanguage":"en-US"},{"@type":"Organization","@id":"https:\/\/cinefrancestudios.eu\/en\/#organization","name":"Cinefrance Studios","url":"https:\/\/cinefrancestudios.eu\/en\/","logo":{"@type":"ImageObject","inLanguage":"en-US","@id":"https:\/\/cinefrancestudios.eu\/en\/#\/schema\/logo\/image\/","url":"https:\/\/cinefrancestudios.eu\/wp-content\/uploads\/2022\/03\/cropped-Favicon-512px_CinefranceStudios.png","contentUrl":"https:\/\/cinefrancestudios.eu\/wp-content\/uploads\/2022\/03\/cropped-Favicon-512px_CinefranceStudios.png","width":512,"height":512,"caption":"Cinefrance Studios"},"image":{"@id":"https:\/\/cinefrancestudios.eu\/en\/#\/schema\/logo\/image\/"},"sameAs":["https:\/\/x.com\/cinefrancesas","https:\/\/www.instagram.com\/cinefrance\/?hl=fr"]}]}},"_links":{"self":[{"href":"https:\/\/cinefrancestudios.eu\/en\/wp-json\/wp\/v2\/pages\/12449","targetHints":{"allow":["GET"]}}],"collection":[{"href":"https:\/\/cinefrancestudios.eu\/en\/wp-json\/wp\/v2\/pages"}],"about":[{"href":"https:\/\/cinefrancestudios.eu\/en\/wp-json\/wp\/v2\/types\/page"}],"author":[{"embeddable":true,"href":"https:\/\/cinefrancestudios.eu\/en\/wp-json\/wp\/v2\/users\/2"}],"replies":[{"embeddable":true,"href":"https:\/\/cinefrancestudios.eu\/en\/wp-json\/wp\/v2\/comments?post=12449"}],"version-history":[{"count":22,"href":"https:\/\/cinefrancestudios.eu\/en\/wp-json\/wp\/v2\/pages\/12449\/revisions"}],"predecessor-version":[{"id":12714,"href":"https:\/\/cinefrancestudios.eu\/en\/wp-json\/wp\/v2\/pages\/12449\/revisions\/12714"}],"wp:attachment":[{"href":"https:\/\/cinefrancestudios.eu\/en\/wp-json\/wp\/v2\/media?parent=12449"}],"curies":[{"name":"wp","href":"https:\/\/api.w.org\/{rel}","templated":true}]}}